{"id":1,"date":"2019-07-23T09:14:58","date_gmt":"2019-07-23T09:14:58","guid":{"rendered":"https:\/\/curavirilis.zielwasser.design\/?page_id=1"},"modified":"2026-02-17T16:14:06","modified_gmt":"2026-02-17T15:14:06","slug":"home","status":"publish","type":"page","link":"https:\/\/curavirilis.zielwasser.design\/","title":{"rendered":"Home"},"content":{"rendered":"<p><img decoding=\"async\" src=\"\/wp-content\/uploads\/2026\/02\/curavirilis-logo-720x280-rgb.svg\" alt=\"\"><\/p>\n<h2>Herzlich <br class=\"uk-visible@m\" \/>Willkommen<\/h2>\n<div>\n<p>        <img decoding=\"async\" src=\"\/wp-content\/uploads\/2026\/02\/alexis-rana-1.jpg\" alt=\"\"><\/p>\n<p>        <img decoding=\"async\" src=\"\/wp-content\/uploads\/yootheme\/demo\/trainers-team-01.jpg\" alt><\/p>\n<h3>Alexis Rana<\/h3>\n<p>Facharzt f\u00fcr Urologie<\/p>\n<p><a href=\"\/?page_id=38\"><\/a><\/p>\n<\/div>\n<h3>Ich kann Ihnen helfen,<br \/>Ihre Ziele zu erreichen<\/h3>\n<div>Lorem ipsum dolor sit amet, consetetur sadipscing elitr, sed diam nonumy eirmod tempor invidunt ut labore et dol.<\/div>\n<p><p>\n        <a href=\"\/?page_id=39\">Learn More<\/a>\n    <\/p>\n<\/p>\n<ul>\n<li>\n<p>        <img decoding=\"async\" src=\"\/wp-content\/uploads\/photo-1655926254815-4b865061cc3e-scaled.jpg\" alt=\"\"><\/p>\n<h3>Erektionsst\u00f6rungen?<\/h3>\n<\/li>\n<li>\n<p>        <img decoding=\"async\" src=\"\/wp-content\/uploads\/photo-1515871204537-49a5fe66a31f-scaled.jpg\" alt=\"\"><\/p>\n<h3>Wieder aus der H\u00fcfte schie\u00dfen? \ud83d\ude00<\/h3>\n<\/li>\n<li>\n<p>        <img decoding=\"async\" src=\"\/wp-content\/uploads\/photo-1541385496969-a3edfa5a94ed-scaled.jpg\" alt=\"\"><\/p>\n<h3>Erektion = Explosion!<\/h3>\n<\/li>\n<li>\n<p>        <img decoding=\"async\" src=\"\/wp-content\/uploads\/photo-1474552226712-ac0f0961a954-scaled.jpg\" alt=\"\"><\/p>\n<h3>Lieben Sie ihr Sex-Leben!<\/h3>\n<\/li>\n<\/ul>\n<h1><span class=\"uk-text-primary\">Cura Virilis<\/span><\/h1>\n<h1><span class=\"uk-text-primary\">Regenerating Sexual Health<\/span><\/h1>\n<h2>Philosophie \/ Angebot<\/h2>\n<div>\n<div class=\"elementor-element elementor-element-6b5cd5b elementor-widget elementor-widget-text-editor\" data-id=\"6b5cd5b\" data-element_type=\"widget\" data-widget_type=\"text-editor.default\">\n<div class=\"elementor-widget-container\">\n<p>Jeder Arztbesuch erfordert viel Vertrauen. Nur wenn Sie sich mit Ihren Beschwerden einem Arzt anvertrauen, kann Ihnen geholfen werden. Dieser Schritt kann viel \u00dcberwindung kosten. Das gilt insbesondere f\u00fcr die Urologie, die sich mit vielen sensiblen Themen besch\u00e4ftigt.<\/p>\n<p>Deshalb ist es mir wichtig, dass Sie sich bei mir in Stuttgart-Sillenbuch wohlf\u00fchlen. Mein Team und ich nehmen uns viel Zeit f\u00fcr Sie, um Vertrauen aufzubauen. So f\u00e4llt es Ihnen leichter, auch sensible Themen zu besprechen. Ich bin davon \u00fcberzeugt, dass f\u00fcr eine erfolgreiche Behandlung die Kombination aus menschlicher und fachlicher Kompetenz notwendig ist.<\/p>\n<\/div>\n<\/div>\n<\/div>\n<ul>\n<li>\n<p>        <img decoding=\"async\" src=\"\/wp-content\/uploads\/2026\/02\/arztzimmer-2048x1280-1.jpg\" alt=\"\"><\/p>\n<h3> Individuelle Therapie<\/h3>\n<p>Individual Training Plans<\/p>\n<p><a href=\"\/?page_id=31\"><\/a><\/p>\n<\/li>\n<li>\n<p>        <img decoding=\"async\" src=\"\/wp-content\/uploads\/2026\/02\/blaue-pillen-2048x1280-1.jpg\" alt=\"\"><\/p>\n<h3>Viagra, Cialis &#038; Co. <\/h3>\n<p>(PDE-5-Hemmer)<\/p>\n<p><a href=\"\/?page_id=32\"><\/a><\/p>\n<\/li>\n<li>\n<p>        <img decoding=\"async\" src=\"\/wp-content\/uploads\/2026\/02\/bett-2048x1280-1.jpg\" alt=\"\"><\/p>\n<h3> Innovative Behandlungen<\/h3>\n<p>Explore Our Studio<\/p>\n<p><a href=\"\/?page_id=37\"><\/a><\/p>\n<\/li>\n<li>\n<p>        <img decoding=\"async\" src=\"\/wp-content\/uploads\/2026\/02\/mann-im-anzug-2048x1280-1.jpg\" alt=\"\"><\/p>\n<h3>P-Shot\u00ae<\/h3>\n<p>Intense Interval Training<\/p>\n<p><a href=\"\/?page_id=37#bootcamp\"><\/a><\/p>\n<\/li>\n<li>\n<p>        <img decoding=\"async\" src=\"\/wp-content\/uploads\/2026\/02\/mann-mit-muskeln-2048x1280-1.jpg\" alt=\"\"><\/p>\n<h3>P-Shot\u00ae 100<\/h3>\n<p>Intense Interval Training<\/p>\n<p><a href=\"\/?page_id=37#bootcamp\"><\/a><\/p>\n<\/li>\n<li>\n<p>        <img decoding=\"async\" src=\"\/wp-content\/uploads\/2026\/02\/paar-im-bett-2048x1280-1.jpg\" alt=\"\"><\/p>\n<h3>Sto\u00dfwellentherapie<\/h3>\n<p>Restore the Natural Function<\/p>\n<p><a href=\"\/?page_id=33\"><\/a><\/p>\n<\/li>\n<\/ul>\n<h2>Starten Sie<\/h2>\n<h2>durch<\/h2>\n<p><img decoding=\"async\" src=\"\/wp-content\/uploads\/2026\/02\/curavirilis-logo_icon_outline-300x1100-rgb.svg\" alt=\"\"><br \/>\n<img decoding=\"async\" src=\"\/wp-content\/uploads\/2026\/02\/paar-im-bett-2048x1280-1.jpg\" alt=\"\"><\/p>\n<div>\n<h3>Stuttgart-Sillenbuch<\/h3>\n<div>\n<p>Privatpraxis f\u00fcr Urologie<br \/>Mendelssohnstra\u00dfe 22<br \/>70619 Stuttgart-Sillenbuch<\/p>\n<p>Telefon: <a href=\"tel:+497114792279\">0711-47922-79<\/a><br \/>Fax: 0711-47922-59<br \/>E-Mail: <a href=\"mailto:mail@alexis-rana.de\">mail@alexis-rana.de<\/a><\/p>\n<\/div>\n<p><a href=\"https:\/\/goo.gl\/maps\/L2KCGoYBMg32\">Open in Map<\/a><\/p>\n<\/div>\n<ul>\n<li>\n<p>\n        <a href=\"\/?page_id=39\">Contact<\/a>\n    <\/p>\n<\/li>\n<li>\n<p>\n        <a href=\"tel:+ 555 12 34 678\">+ 555 &#8211; 12 34 678<\/a>\n    <\/p>\n<\/li>\n<\/ul>\n<p><!--more--><br \/>\n<!-- {\"type\":\"layout\",\"children\":[{\"type\":\"section\",\"props\":{\"height\":\"viewport\",\"height_viewport_offset\":true,\"image\":\"wp-content\/uploads\/photo-1592398289517-d9437d109bc2-scaled.jpg\",\"image_effect\":\"fixed\",\"image_position\":\"center-center\",\"image_size\":\"cover\",\"media_overlay\":\"rgba(24, 29, 43, 0.7)\",\"style\":\"default\",\"title_breakpoint\":\"xl\",\"title_position\":\"top-left\",\"title_rotation\":\"left\",\"vertical_align\":\"middle\",\"width\":\"default\"},\"children\":[{\"type\":\"row\",\"children\":[{\"type\":\"column\",\"props\":{\"image_position\":\"center-center\",\"position_sticky_breakpoint\":\"m\"},\"children\":[{\"type\":\"image\",\"props\":{\"animation\":\"parallax\",\"blend\":true,\"image\":\"wp-content\/uploads\/2026\/02\/curavirilis-logo-720x280-rgb.svg\",\"image_svg_animate\":true,\"image_svg_color\":\"\",\"image_svg_inline\":true,\"margin_bottom\":\"default\",\"margin_top\":\"default\",\"parallax_blur\":\"30\",\"parallax_scale\":\"2\",\"text_align\":\"center\"},\"name\":\"Logo\"}]}]}],\"name\":\"Hero\"},{\"name\":\"Herzlich Willkommen\",\"type\":\"section\",\"props\":{\"image_effect\":\"parallax\",\"image_parallax_bgx\":\"-180,-150\",\"image_parallax_easing\":\"1\",\"image_position\":\"bottom-center\",\"media_visibility\":\"m\",\"style\":\"muted\",\"title\":\"Alexis Rana\",\"title_breakpoint\":\"xl\",\"title_position\":\"center-left\",\"title_rotation\":\"left\",\"vertical_align\":\"\",\"width\":\"default\"},\"children\":[{\"type\":\"row\",\"children\":[{\"type\":\"column\",\"props\":{\"image_position\":\"center-center\",\"position_sticky_breakpoint\":\"m\",\"width_medium\":\"1-1\"},\"children\":[{\"type\":\"headline\",\"props\":{\"content\":\"Herzlich <br class=\\\"uk-visible@m\\\" \/>Willkommen\",\"image_align\":\"left\",\"image_margin\":\"xsmall\",\"title_decoration\":\"line\",\"title_element\":\"h2\",\"title_style\":\"heading-small\"},\"name\":\"Herzlich Willkommen\"}]}]},{\"type\":\"row\",\"props\":{\"column_gap\":\"large\",\"layout\":\"2-3,1-3\",\"row_gap\":\"large\"},\"children\":[{\"type\":\"column\",\"props\":{\"image_position\":\"center-center\",\"position_sticky_breakpoint\":\"m\",\"vertical_align\":\"middle\",\"width_small\":\"2-3\"},\"children\":[{\"type\":\"panel\",\"props\":{\"block_align\":\"right\",\"content\":\"\",\"content_column_breakpoint\":\"m\",\"hover_image\":\"wp-content\/uploads\/yootheme\/demo\/trainers-team-01.jpg\",\"image\":\"wp-content\/uploads\/2026\/02\/alexis-rana-1.jpg\",\"image_align\":\"top\",\"image_grid_breakpoint\":\"m\",\"image_grid_width\":\"1-2\",\"image_link\":true,\"image_svg_color\":\"emphasis\",\"image_width\":\"420\",\"link\":\"?page_id=38\",\"link_style\":\"default\",\"link_text\":\"\",\"margin_bottom\":\"default\",\"margin_top\":\"default\",\"maxwidth\":\"large\",\"maxwidth_breakpoint\":\"m\",\"meta\":\"Facharzt f\u00fcr Urologie\",\"meta_align\":\"below-title\",\"meta_color\":\"muted\",\"meta_element\":\"div\",\"meta_style\":\"\",\"text_align\":\"right\",\"text_align_breakpoint\":\"m\",\"title\":\"Alexis Rana\",\"title_align\":\"top\",\"title_element\":\"h3\",\"title_grid_breakpoint\":\"m\",\"title_grid_width\":\"1-2\",\"title_hover_style\":\"reset\",\"title_link\":true}}]},{\"type\":\"column\",\"props\":{\"image_position\":\"center-center\",\"position_sticky_breakpoint\":\"m\",\"vertical_align\":\"middle\",\"width_small\":\"1-3\"},\"children\":[{\"type\":\"headline\",\"props\":{\"content\":\"Ich kann Ihnen helfen,<br \/>Ihre Ziele zu erreichen\",\"image_align\":\"left\",\"image_margin\":\"xsmall\",\"margin_bottom\":\"medium\",\"margin_top\":\"medium\",\"title_element\":\"h3\",\"title_style\":\"h1\"}},{\"type\":\"text\",\"props\":{\"column_breakpoint\":\"m\",\"content\":\"Lorem ipsum dolor sit amet, consetetur sadipscing elitr, sed diam nonumy eirmod tempor invidunt ut labore et dol.\",\"margin_bottom\":\"default\",\"margin_top\":\"default\"}},{\"type\":\"button\",\"props\":{\"grid_column_gap\":\"small\",\"grid_row_gap\":\"small\",\"margin_bottom\":\"medium\",\"margin_top\":\"medium\"},\"children\":[{\"type\":\"button_item\",\"props\":{\"button_style\":\"default\",\"content\":\"Learn More\",\"dialog_layout\":\"modal\",\"dialog_offcanvas_flip\":true,\"icon_align\":\"left\",\"link\":\"?page_id=39\"}}]}]}]}]},{\"name\":\"Hero Overlay Slider\",\"type\":\"section\",\"props\":{\"height_viewport_offset\":true,\"image_position\":\"center-center\",\"padding_bottom\":\"none\",\"padding_top\":\"none\",\"style\":\"default\",\"title_breakpoint\":\"xl\",\"title_position\":\"top-left\",\"title_rotation\":\"left\",\"vertical_align\":\"\",\"width\":\"\"},\"children\":[{\"type\":\"row\",\"children\":[{\"type\":\"column\",\"props\":{\"image_position\":\"center-center\",\"position_sticky_breakpoint\":\"m\",\"width_medium\":\"1-1\"},\"children\":[{\"type\":\"overlay-slider\",\"props\":{\"height_expand\":false,\"image_height\":1350,\"image_loading\":true,\"image_width\":2400,\"link_style\":\"default\",\"link_text\":\"\",\"margin_bottom\":\"remove\",\"margin_top\":\"default\",\"meta_align\":\"below-title\",\"meta_element\":\"div\",\"meta_style\":\"text-meta\",\"nav\":\"dotnav\",\"nav_align\":\"center\",\"nav_below\":true,\"nav_breakpoint\":\"\",\"nav_position\":\"bottom-center\",\"nav_position_margin\":\"medium\",\"overlay_link\":true,\"overlay_mode\":\"caption\",\"overlay_padding\":\"small\",\"overlay_position\":\"top-right\",\"overlay_style\":\"tile-default\",\"overlay_transition\":\"fade\",\"show_content\":true,\"show_hover_image\":true,\"show_hover_video\":true,\"show_link\":true,\"show_meta\":true,\"show_title\":true,\"slidenav\":\"\",\"slidenav_breakpoint\":\"s\",\"slidenav_hover\":false,\"slidenav_large\":true,\"slidenav_margin\":\"\",\"slidenav_outside_breakpoint\":\"xl\",\"slider_autoplay\":true,\"slider_autoplay_pause\":true,\"slider_center\":true,\"slider_divider\":false,\"slider_gap\":\"small\",\"slider_sets\":true,\"slider_width\":\"fixed\",\"slider_width_default\":\"1-1\",\"slider_width_large\":\"3-5\",\"slider_width_medium\":\"3-5\",\"slider_width_small\":\"3-5\",\"slider_width_xlarge\":\"3-5\",\"text_align\":\"center\",\"title_color\":\"primary\",\"title_element\":\"h3\",\"title_hover_style\":\"reset\",\"title_style\":\"h4\"},\"children\":[{\"type\":\"overlay-slider_item\",\"props\":{\"image\":\"wp-content\/uploads\/photo-1655926254815-4b865061cc3e-scaled.jpg\",\"title\":\"Erektionsst\u00f6rungen?\"}},{\"type\":\"overlay-slider_item\",\"props\":{\"image\":\"wp-content\/uploads\/photo-1515871204537-49a5fe66a31f-scaled.jpg\",\"title\":\"Wieder aus der H\u00fcfte schie\u00dfen? :-D\"}},{\"type\":\"overlay-slider_item\",\"props\":{\"image\":\"wp-content\/uploads\/photo-1541385496969-a3edfa5a94ed-scaled.jpg\",\"title\":\"Erektion = Explosion!\"}},{\"type\":\"overlay-slider_item\",\"props\":{\"image\":\"wp-content\/uploads\/photo-1474552226712-ac0f0961a954-scaled.jpg\",\"title\":\"Lieben Sie ihr Sex-Leben!\"}},{\"type\":\"overlay-slider_item\",\"props\":{\"image\":\"wp-content\/uploads\/2026\/02\/curavirilis-favicon_1-720x280-rgb.png\",\"status\":\"disabled\",\"title\":\"cura virilis\"}}]}]}]}]},{\"name\":\"Hero Logo BG\",\"type\":\"section\",\"props\":{\"image\":\"wp-content\/uploads\/2026\/02\/curavirilis-logo_type_outline-1800x192-rgb.svg\",\"image_effect\":\"parallax\",\"image_parallax_bgx\":\"1800,-1800\",\"image_position\":\"center-center\",\"media_overlay\":\"rgba(24, 29, 43, 0.8)\",\"padding_bottom\":\"large\",\"style\":\"default\",\"title_breakpoint\":\"xl\",\"title_position\":\"top-left\",\"title_rotation\":\"left\",\"vertical_align\":\"\",\"width\":\"expand\"},\"children\":[{\"type\":\"row\",\"props\":{\"margin_top\":\"remove\",\"width\":\"default\"},\"children\":[{\"type\":\"column\",\"props\":{\"image_position\":\"center-center\",\"position_sticky_breakpoint\":\"m\"},\"children\":[{\"type\":\"headline\",\"props\":{\"content\":\"<span class=\\\"uk-text-primary\\\">Cura Virilis<\/span>\",\"image_align\":\"left\",\"image_margin\":\"xsmall\",\"margin_bottom\":\"remove\",\"text_align\":\"center\",\"title_element\":\"h1\",\"title_style\":\"heading-medium\"}},{\"type\":\"headline\",\"props\":{\"content\":\"<span class=\\\"uk-text-primary\\\">Regenerating Sexual Health<\/span>\",\"image_align\":\"left\",\"image_margin\":\"xsmall\",\"margin_top\":\"remove\",\"text_align\":\"center\",\"title_element\":\"h1\",\"title_style\":\"h4\",\"title_text_stroke\":false}}]}]}]},{\"name\":\"Philosophie \/ Angebot\",\"type\":\"section\",\"props\":{\"image_position\":\"center-center\",\"padding_bottom\":\"large\",\"padding_top\":\"large\",\"preserve_color\":false,\"style\":\"muted\",\"title_breakpoint\":\"xl\",\"title_position\":\"top-left\",\"title_rotation\":\"left\",\"vertical_align\":\"\",\"width\":\"xlarge\"},\"children\":[{\"type\":\"row\",\"props\":{\"margin_bottom\":\"xlarge\",\"margin_top\":\"xlarge\",\"width\":\"default\"},\"children\":[{\"type\":\"column\",\"props\":{\"image_position\":\"center-center\",\"position_sticky_breakpoint\":\"m\",\"width_medium\":\"1-1\"},\"children\":[{\"type\":\"headline\",\"props\":{\"content\":\"Philosophie \/ Angebot\",\"image_align\":\"left\",\"image_margin\":\"xsmall\",\"margin_bottom\":\"remove\",\"title_element\":\"h2\",\"title_style\":\"heading-small\"},\"name\":\" Philosophie\"},{\"type\":\"text\",\"props\":{\"column_breakpoint\":\"m\",\"content\":\"\n\n<div class=\\\"elementor-element elementor-element-6b5cd5b elementor-widget elementor-widget-text-editor\\\" data-id=\\\"6b5cd5b\\\" data-element_type=\\\"widget\\\" data-widget_type=\\\"text-editor.default\\\">\\n\n\n<div class=\\\"elementor-widget-container\\\">\\n\n\n<p>Jeder Arztbesuch erfordert viel Vertrauen. Nur wenn Sie sich mit Ihren Beschwerden einem Arzt anvertrauen, kann Ihnen geholfen werden. Dieser Schritt kann viel \u00dcberwindung kosten. Das gilt insbesondere f\u00fcr die Urologie, die sich mit vielen sensiblen Themen besch\u00e4ftigt.<\/p>\n\n\\n\n\n<p>Deshalb ist es mir wichtig, dass Sie sich bei mir in Stuttgart-Sillenbuch wohlf\u00fchlen. Mein Team und ich nehmen uns viel Zeit f\u00fcr Sie, um Vertrauen aufzubauen. So f\u00e4llt es Ihnen leichter, auch sensible Themen zu besprechen. Ich bin davon \u00fcberzeugt, dass f\u00fcr eine erfolgreiche Behandlung die Kombination aus menschlicher und fachlicher Kompetenz notwendig ist.<\/p>\n\n\\n<\/div>\n\n\\n<\/div>\n\n\",\"margin_bottom\":\"default\",\"margin_top\":\"default\"}}]}]},{\"type\":\"row\",\"props\":{\"width\":\"small\"},\"children\":[{\"type\":\"column\",\"props\":{\"image_position\":\"center-center\",\"position_sticky_breakpoint\":\"m\",\"width_medium\":\"1-1\"},\"children\":[{\"type\":\"gallery\",\"props\":{\"filter_align\":\"left\",\"filter_all\":true,\"filter_grid_breakpoint\":\"m\",\"filter_grid_width\":\"auto\",\"filter_position\":\"top\",\"filter_style\":\"tab\",\"grid_column_gap\":\"large\",\"grid_default\":\"1\",\"grid_divider\":false,\"grid_medium\":\"\",\"grid_parallax\":\"200\",\"grid_parallax_y\":\"200\",\"grid_row_gap\":\"large\",\"grid_small\":\"2\",\"image_orientation\":false,\"image_width\":640,\"item_animation\":true,\"lightbox_bg_close\":true,\"link_style\":\"default\",\"link_text\":\"\",\"margin_bottom\":\"default\",\"margin_top\":\"default\",\"meta_align\":\"below-title\",\"meta_color\":\"muted\",\"meta_element\":\"div\",\"meta_margin\":\"small\",\"meta_style\":\"\",\"overlay_hover\":false,\"overlay_link\":true,\"overlay_mode\":\"caption\",\"overlay_padding\":\"small\",\"overlay_position\":\"bottom-left\",\"overlay_style\":\"tile-default\",\"overlay_transition\":\"fade\",\"parallax_easing\":\"1\",\"show_content\":true,\"show_hover_image\":true,\"show_hover_video\":true,\"show_link\":true,\"show_meta\":true,\"show_title\":true,\"text_align\":\"left\",\"text_color\":\"light\",\"title_element\":\"h3\",\"title_hover_style\":\"reset\"},\"children\":[{\"type\":\"gallery_item\",\"props\":{\"image\":\"wp-content\/uploads\/2026\/02\/arztzimmer-2048x1280-1.jpg\",\"link\":\"?page_id=31\",\"meta\":\"Individual Training Plans\",\"title\":\" Individuelle Therapie\"}},{\"type\":\"gallery_item\",\"props\":{\"image\":\"wp-content\/uploads\/2026\/02\/blaue-pillen-2048x1280-1.jpg\",\"link\":\"?page_id=32\",\"meta\":\"(PDE-5-Hemmer)\",\"title\":\"Viagra, Cialis & Co. \"}},{\"type\":\"gallery_item\",\"props\":{\"image\":\"wp-content\/uploads\/2026\/02\/bett-2048x1280-1.jpg\",\"link\":\"?page_id=37\",\"meta\":\"Explore Our Studio\",\"title\":\" Innovative Behandlungen\"}},{\"type\":\"gallery_item\",\"props\":{\"image\":\"wp-content\/uploads\/2026\/02\/mann-im-anzug-2048x1280-1.jpg\",\"link\":\"?page_id=37#bootcamp\",\"meta\":\"Intense Interval Training\",\"title\":\"P-Shot\u00ae\"}},{\"type\":\"gallery_item\",\"props\":{\"image\":\"wp-content\/uploads\/2026\/02\/mann-mit-muskeln-2048x1280-1.jpg\",\"link\":\"?page_id=37#bootcamp\",\"meta\":\"Intense Interval Training\",\"title\":\"P-Shot\u00ae 100\"}},{\"type\":\"gallery_item\",\"props\":{\"image\":\"wp-content\/uploads\/2026\/02\/paar-im-bett-2048x1280-1.jpg\",\"link\":\"?page_id=33\",\"meta\":\"Restore the Natural Function\",\"title\":\"Sto\u00dfwellentherapie\"}},{\"type\":\"gallery_item\",\"props\":{\"image\":\"wp-content\/uploads\/yootheme\/demo\/home-services-06.jpg\",\"link\":\"?page_id=34#wellness\",\"meta\":\"Cool Down and Relax \",\"status\":\"disabled\",\"title\":\"Wellness\"}},{\"type\":\"gallery_item\",\"props\":{\"image\":\"wp-content\/uploads\/yootheme\/demo\/home-services-07.jpg\",\"link\":\"?page_id=34#family-club\",\"meta\":\"Fun Activities for Kids\",\"status\":\"disabled\",\"title\":\"Child Care\"}},{\"type\":\"gallery_item\",\"props\":{\"image\":\"wp-content\/uploads\/yootheme\/demo\/home-services-08.jpg\",\"link\":\"?page_id=2\",\"meta\":\"Breakfast, Lunch, Dinner\",\"status\":\"disabled\",\"title\":\"Food & Drinks\"}}]}]}]}]},{\"name\":\"Contact\",\"type\":\"section\",\"props\":{\"image_position\":\"center-center\",\"padding_bottom\":\"small\",\"padding_top\":\"small\",\"style\":\"default\",\"title\":\"Contact Us\",\"title_breakpoint\":\"xl\",\"title_position\":\"center-right\",\"title_rotation\":\"left\",\"vertical_align\":\"\",\"width\":\"xlarge\"},\"children\":[{\"type\":\"row\",\"props\":{\"width\":\"default\"},\"children\":[{\"type\":\"column\",\"props\":{\"image_position\":\"center-center\",\"position_sticky_breakpoint\":\"m\",\"width_medium\":\"1-1\"},\"children\":[{\"type\":\"headline\",\"props\":{\"content\":\"Starten Sie\",\"image_align\":\"left\",\"image_margin\":\"xsmall\",\"margin_bottom\":\"remove\",\"title_element\":\"h2\",\"title_style\":\"heading-small\"}},{\"type\":\"headline\",\"props\":{\"content\":\"durch\",\"image_align\":\"left\",\"image_margin\":\"xsmall\",\"margin_bottom\":\"remove\",\"margin_top\":\"remove\",\"title_color\":\"primary\",\"title_element\":\"h2\",\"title_style\":\"h4\"}},{\"type\":\"headline\",\"props\":{\"content\":\"Start Your<br class=\\\"uk-visible@m\\\">\\n<span class=\\\"uk-text-primary\\\">Work&shy;out<\/span>\",\"image_align\":\"left\",\"image_margin\":\"xsmall\",\"margin_bottom\":\"remove\",\"status\":\"disabled\",\"title_element\":\"h2\",\"title_style\":\"heading-medium\"}},{\"type\":\"image\",\"props\":{\"image\":\"wp-content\/uploads\/2026\/02\/curavirilis-logo_icon_outline-300x1100-rgb.svg\",\"image_svg_color\":\"primary\",\"image_svg_inline\":true,\"image_width\":\"180\",\"margin_bottom\":\"\",\"margin_top\":\"\",\"parallax_x\":\"-20,-20\",\"parallax_y\":\"155,155\",\"position\":\"absolute\",\"position_left\":\"-23\",\"position_top\":\"120%\",\"position_z_index\":\"1\",\"text_align\":\"left\",\"text_align_breakpoint\":\"s\",\"text_align_fallback\":\"right\"}}]}]},{\"type\":\"row\",\"props\":{\"column_gap\":\"large\",\"layout\":\"1-2,1-2\",\"margin_bottom\":\"xlarge\",\"margin_top\":\"xlarge\",\"row_gap\":\"large\",\"width\":\"expand\"},\"children\":[{\"type\":\"column\",\"props\":{\"image_position\":\"center-center\",\"image_size\":\"cover\",\"padding\":\"none\",\"position_sticky_breakpoint\":\"m\",\"style\":\"tile-default\",\"vertical_align\":\"middle\",\"width_medium\":\"1-2\"},\"children\":[{\"type\":\"image\",\"props\":{\"image\":\"wp-content\/uploads\/2026\/02\/paar-im-bett-2048x1280-1.jpg\",\"image_svg_color\":\"emphasis\",\"image_width\":\"899\",\"margin_bottom\":\"default\",\"margin_top\":\"default\",\"position\":\"relative\"}}]},{\"type\":\"column\",\"props\":{\"image_position\":\"center-center\",\"position_sticky_breakpoint\":\"m\",\"vertical_align\":\"middle\",\"width_medium\":\"1-2\"},\"children\":[{\"type\":\"grid\",\"props\":{\"content_column_breakpoint\":\"m\",\"filter_align\":\"left\",\"filter_all\":true,\"filter_grid_breakpoint\":\"m\",\"filter_grid_width\":\"auto\",\"filter_position\":\"top\",\"filter_style\":\"tab\",\"grid_default\":\"1\",\"grid_medium\":\"\",\"grid_small\":\"2\",\"image_align\":\"top\",\"image_grid_breakpoint\":\"m\",\"image_grid_width\":\"1-2\",\"image_svg_color\":\"emphasis\",\"item_animation\":true,\"lightbox_bg_close\":true,\"link_style\":\"text\",\"link_target\":true,\"link_text\":\"Open in Map\",\"margin_bottom\":\"default\",\"margin_top\":\"default\",\"meta_align\":\"below-title\",\"meta_element\":\"div\",\"meta_style\":\"text-meta\",\"parallax_easing\":\"1\",\"show_content\":true,\"show_hover_image\":true,\"show_hover_video\":true,\"show_image\":true,\"show_link\":true,\"show_meta\":true,\"show_title\":true,\"show_video\":true,\"title_align\":\"top\",\"title_element\":\"h3\",\"title_grid_breakpoint\":\"m\",\"title_grid_width\":\"1-2\",\"title_hover_style\":\"reset\"},\"children\":[{\"type\":\"grid_item\",\"props\":{\"content\":\"\n\n<p>Privatpraxis f\u00fcr Urologie<br \/>Mendelssohnstra\u00dfe 22<br \/>70619 Stuttgart-Sillenbuch<\/p>\n\n\\n\n\n<p>Telefon: <a href=\\\"tel:+497114792279\\\">0711-47922-79<\/a><br \/>Fax: 0711-47922-59<br \/>E-Mail: <a href=\\\"mailto:mail@alexis-rana.de\\\">mail@alexis-rana.de<\/a><\/p>\n\n\",\"link\":\"https:\/\/goo.gl\/maps\/L2KCGoYBMg32\",\"title\":\"Stuttgart-Sillenbuch\"}},{\"type\":\"grid_item\",\"props\":{\"content\":\"123 Mainstreet<br \/>\\nBerlin, Germany\",\"link\":\"https:\/\/goo.gl\/maps\/6f2cuF6yp522\",\"status\":\"disabled\",\"title\":\"Charlottenburg\"}}]},{\"type\":\"button\",\"props\":{\"grid_column_gap\":\"small\",\"grid_row_gap\":\"small\",\"margin_bottom\":\"medium\",\"margin_top\":\"medium\"},\"children\":[{\"type\":\"button_item\",\"props\":{\"button_style\":\"default\",\"content\":\"Contact\",\"dialog_layout\":\"modal\",\"dialog_offcanvas_flip\":true,\"icon_align\":\"left\",\"link\":\"?page_id=39\"}},{\"type\":\"button_item\",\"props\":{\"button_style\":\"\",\"content\":\"+ 555 - 12 34 678\",\"dialog_layout\":\"modal\",\"dialog_offcanvas_flip\":true,\"icon_align\":\"left\",\"link\":\"tel:+ 555 12 34 678\"}}]}]}]}]},{\"type\":\"section\",\"props\":{\"height\":\"viewport\",\"image_height\":1260,\"image_loading\":true,\"image_position\":\"center-center\",\"image_width\":2240,\"status\":\"disabled\",\"style\":\"default\",\"title_breakpoint\":\"xl\",\"title_position\":\"top-left\",\"title_rotation\":\"left\",\"vertical_align\":\"middle\",\"video\":\"https:\/\/youtu.be\/UzKHNqQHGG0?si=RnjWvMoUd84wFR6c\",\"width\":\"default\"},\"children\":[{\"type\":\"row\",\"children\":[{\"type\":\"column\",\"props\":{\"image_position\":\"center-center\",\"position_sticky_breakpoint\":\"m\"},\"children\":[{\"type\":\"image\",\"props\":{\"image\":\"wp-content\/uploads\/2026\/02\/curavirilis-logo-720x280-rgb.svg\",\"image_svg_color\":\"emphasis\",\"margin_bottom\":\"default\",\"margin_top\":\"default\"}},{\"type\":\"video\",\"props\":{\"margin_bottom\":\"default\",\"margin_top\":\"default\",\"status\":\"disabled\",\"video\":\"https:\/\/youtu.be\/oYlHKXF_Juc?si=lRo3NBTUb-1AteLj\",\"video_controls\":true,\"video_loading\":\"lazy\"}}]}]}],\"name\":\"Hero Video\"},{\"type\":\"section\",\"props\":{\"height\":\"viewport\",\"image_position\":\"center-center\",\"status\":\"disabled\",\"style\":\"muted\",\"title_breakpoint\":\"xl\",\"title_position\":\"top-left\",\"title_rotation\":\"left\",\"vertical_align\":\"middle\",\"video\":\"https:\/\/youtu.be\/UzKHNqQHGG0?si=RnjWvMoUd84wFR6c\",\"width\":\"default\"},\"children\":[{\"type\":\"row\",\"children\":[{\"type\":\"column\",\"props\":{\"image_position\":\"center-center\",\"position_sticky_breakpoint\":\"m\"},\"children\":[{\"type\":\"text\",\"props\":{\"column_breakpoint\":\"m\",\"margin_bottom\":\"default\",\"margin_top\":\"default\"}}]}]}],\"name\":\"Test Section\"}],\"version\":\"5.0.14\"} --><\/p>\n","protected":false},"excerpt":{"rendered":"<p>Herzlich Willkommen Alexis Rana Facharzt f\u00fcr Urologie Ich kann Ihnen helfen,Ihre Ziele zu erreichen Lorem ipsum dolor sit amet, consetetur sadipscing elitr, sed diam nonumy eirmod tempor invidunt ut labore et dol. Learn More Erektionsst\u00f6rungen? Wieder aus der H\u00fcfte schie\u00dfen? \ud83d\ude00 Erektion = Explosion! Lieben Sie ihr Sex-Leben! Cura Virilis Regenerating Sexual Health Philosophie \/ [&hellip;]<\/p>\n","protected":false},"author":1,"featured_media":0,"parent":0,"menu_order":10,"comment_status":"closed","ping_status":"closed","template":"","meta":{"_acf_changed":false,"footnotes":""},"class_list":["post-1","page","type-page","status-publish","hentry"],"acf":[],"_links":{"self":[{"href":"https:\/\/curavirilis.zielwasser.design\/index.php?rest_route=\/wp\/v2\/pages\/1","targetHints":{"allow":["GET"]}}],"collection":[{"href":"https:\/\/curavirilis.zielwasser.design\/index.php?rest_route=\/wp\/v2\/pages"}],"about":[{"href":"https:\/\/curavirilis.zielwasser.design\/index.php?rest_route=\/wp\/v2\/types\/page"}],"author":[{"embeddable":true,"href":"https:\/\/curavirilis.zielwasser.design\/index.php?rest_route=\/wp\/v2\/users\/1"}],"replies":[{"embeddable":true,"href":"https:\/\/curavirilis.zielwasser.design\/index.php?rest_route=%2Fwp%2Fv2%2Fcomments&post=1"}],"version-history":[{"count":147,"href":"https:\/\/curavirilis.zielwasser.design\/index.php?rest_route=\/wp\/v2\/pages\/1\/revisions"}],"predecessor-version":[{"id":2289,"href":"https:\/\/curavirilis.zielwasser.design\/index.php?rest_route=\/wp\/v2\/pages\/1\/revisions\/2289"}],"wp:attachment":[{"href":"https:\/\/curavirilis.zielwasser.design\/index.php?rest_route=%2Fwp%2Fv2%2Fmedia&parent=1"}],"curies":[{"name":"wp","href":"https:\/\/api.w.org\/{rel}","templated":true}]}}